{"id":712,"date":"2022-02-18T20:36:20","date_gmt":"2022-02-18T19:36:20","guid":{"rendered":"https:\/\/vc-dornheim.de\/?page_id=712"},"modified":"2025-08-04T20:38:12","modified_gmt":"2025-08-04T18:38:12","slug":"trainingszeiten-im-ueberblick","status":"publish","type":"page","link":"https:\/\/vc-dornheim.de\/?page_id=712","title":{"rendered":"Trainingszeiten im \u00dcberblick"},"content":{"rendered":"\n<p><\/p>\n\n\n\n<p><strong>Montag: <br><\/strong>Wo: Kreissporthalle 2, Gro\u00df-Gerau<br>Wann: 19:00 &#8211; 20:00 Uhr<br>Wer: Techniktraining <br><br><strong>Montag:<\/strong><br>Wo: Kreissporthalle 2, Gro\u00df-Gerau<br>Wann: 20:00 &#8211; 22:00 Uhr<br>Wer: Damen (Bezirksliga, Kreisklasse)<br><br><strong>Dienstag:<\/strong><br>Wo: Kreissporthalle, Gro\u00df-Gerau<br>Wann: 17:00 &#8211; 18:15 Uhr<br>Wer: Kinder (Jahrgang 2017, 1016, 2015, 2014, 2013)<br><br><strong>Dienstag:<\/strong><br>Wo: Kreissporthalle, Gro\u00df-Gerau<br>Wann: 19:00 &#8211; 21:00 Uhr<br>Wer: Herren 2<br><br><strong>Mittwoch<\/strong><br>Wo: Dreifeldhalle, Dornheim (Gro\u00df-Gerau) <br>Wann: 19:00 &#8211; 21:00 Uhr <br>Wer: Herren 1 und Hobbys parallel<br><br><strong>Donnerstag<\/strong><br>Wo: Dreifeldhalle, Dornheim (Gro\u00df-Gerau)<br>Wann: 20:00 &#8211; 22:00 Uhr<br>Wer: Damen (Bezirksliga) und Herren 2 parallel<br><br><\/p>\n\n\n\n<p><\/p>\n\n\n\n<p><\/p>\n\n\n\n<p><\/p>\n\n\n\n<p><\/p>\n\n\n\n<p><\/p>\n\n\n\n<p><\/p>\n\n\n\n<p><\/p>\n","protected":false},"excerpt":{"rendered":"<p>Montag: Wo: Kreissporthalle 2, Gro\u00df-GerauWann: 19:00 &#8211; 20:00 UhrWer: Techniktraining Montag:Wo: Kreissporthalle 2, Gro\u00df-GerauWann: 20:00 &#8211; 22:00 UhrWer: Damen (Bezirksliga, Kreisklasse) Dienstag:Wo: Kreissporthalle, Gro\u00df-GerauWann: 17:00 &#8211; 18:15 UhrWer: Kinder (Jahrgang [&hellip;]<\/p>\n","protected":false},"author":4,"featured_media":0,"parent":0,"menu_order":0,"comment_status":"closed","ping_status":"closed","template":"","meta":{"site-sidebar-layout":"default","site-content-layout":"","ast-site-content-layout":"default","site-content-style":"default","site-sidebar-style":"default","ast-global-header-display":"","ast-banner-title-visibility":"","ast-main-header-display":"","ast-hfb-above-header-display":"","ast-hfb-below-header-display":"","ast-hfb-mobile-header-display":"","site-post-title":"","ast-breadcrumbs-content":"","ast-featured-img":"","footer-sml-layout":"","ast-disable-related-posts":"","theme-transparent-header-meta":"","adv-header-id-meta":"","stick-header-meta":"","header-above-stick-meta":"","header-main-stick-meta":"","header-below-stick-meta":"","astra-migrate-meta-layouts":"set","ast-page-background-enabled":"default","ast-page-background-meta":{"desktop":{"background-color":"var(--ast-global-color-4)","background-image":"","background-repeat":"repeat","background-position":"center center","background-size":"auto","background-attachment":"scroll","background-type":"","background-media":"","overlay-type":"","overlay-color":"","overlay-opacity":"","overlay-gradient":""},"tablet":{"background-color":"","background-image":"","background-repeat":"repeat","background-position":"center center","background-size":"auto","background-attachment":"scroll","background-type":"","background-media":"","overlay-type":"","overlay-color":"","overlay-opacity":"","overlay-gradient":""},"mobile":{"background-color":"","background-image":"","background-repeat":"repeat","background-position":"center center","background-size":"auto","background-attachment":"scroll","background-type":"","background-media":"","overlay-type":"","overlay-color":"","overlay-opacity":"","overlay-gradient":""}},"ast-content-background-meta":{"desktop":{"background-color":"var(--ast-global-color-5)","background-image":"","background-repeat":"repeat","background-position":"center center","background-size":"auto","background-attachment":"scroll","background-type":"","background-media":"","overlay-type":"","overlay-color":"","overlay-opacity":"","overlay-gradient":""},"tablet":{"background-color":"var(--ast-global-color-5)","background-image":"","background-repeat":"repeat","background-position":"center center","background-size":"auto","background-attachment":"scroll","background-type":"","background-media":"","overlay-type":"","overlay-color":"","overlay-opacity":"","overlay-gradient":""},"mobile":{"background-color":"var(--ast-global-color-5)","background-image":"","background-repeat":"repeat","background-position":"center center","background-size":"auto","background-attachment":"scroll","background-type":"","background-media":"","overlay-type":"","overlay-color":"","overlay-opacity":"","overlay-gradient":""}},"footnotes":""},"class_list":["post-712","page","type-page","status-publish","hentry"],"_links":{"self":[{"href":"https:\/\/vc-dornheim.de\/index.php?rest_route=\/wp\/v2\/pages\/712","targetHints":{"allow":["GET"]}}],"collection":[{"href":"https:\/\/vc-dornheim.de\/index.php?rest_route=\/wp\/v2\/pages"}],"about":[{"href":"https:\/\/vc-dornheim.de\/index.php?rest_route=\/wp\/v2\/types\/page"}],"author":[{"embeddable":true,"href":"https:\/\/vc-dornheim.de\/index.php?rest_route=\/wp\/v2\/users\/4"}],"replies":[{"embeddable":true,"href":"https:\/\/vc-dornheim.de\/index.php?rest_route=%2Fwp%2Fv2%2Fcomments&post=712"}],"version-history":[{"count":10,"href":"https:\/\/vc-dornheim.de\/index.php?rest_route=\/wp\/v2\/pages\/712\/revisions"}],"predecessor-version":[{"id":1760,"href":"https:\/\/vc-dornheim.de\/index.php?rest_route=\/wp\/v2\/pages\/712\/revisions\/1760"}],"wp:attachment":[{"href":"https:\/\/vc-dornheim.de\/index.php?rest_route=%2Fwp%2Fv2%2Fmedia&parent=712"}],"curies":[{"name":"wp","href":"https:\/\/api.w.org\/{rel}","templated":true}]}}