{"id":415,"date":"2021-08-23T14:29:14","date_gmt":"2021-08-23T12:29:14","guid":{"rendered":"https:\/\/wordpress.vc-dornheim.de\/beachplatz-projekte\/"},"modified":"2021-10-30T13:07:44","modified_gmt":"2021-10-30T11:07:44","slug":"beachplatz-projekte","status":"publish","type":"page","link":"https:\/\/vc-dornheim.de\/?page_id=415","title":{"rendered":"Beachplatz-Projekte"},"content":{"rendered":"<p>Ende M\u00e4rz 2021 trafen sich Volleyballerinnen und Volleyballer des VC Dornheim, um die Beachanlage mit Auffangnetzte zu erg\u00e4nzen. Unter Einhaltung der Hygieneregeln wurden Pfosten geschliffen und ge\u00f6lt, L\u00f6cher ausgehoben, Fundamente gegossen, Pfosten einbetoniert und schlie\u00dflich die Netze eingeh\u00e4ngt.<\/p>\n<p><!--more--><\/p>\n<p>Seit Sport mit anderen Menschen wieder m\u00f6glich ist, hat sich der Arbeitseinsatz bereits gelohnt. Viele B\u00e4lle wurden durch das Netz davon abgehalten in den Tiefen der Hecke zu verschwinden.<br \/>\nNeben der Bauarbeiten wurde mit einer zweiten Einsatzgruppe der Beachplatz von herumliegenden \u00c4sten, Spielsachen und Bl\u00e4ttern befreit.<br \/>\nEin gro\u00dfes Dankesch\u00f6n an alle, die mit tatkr\u00e4ftiger Unterst\u00fctzung zur Versch\u00f6nerung und Verbesserung der Beachanlage beigetragen haben.<\/p>\n<p><img fetchpriority=\"high\" decoding=\"async\" class=\" size-full wp-image-414\" style=\"border: 1px solid #000000;\" src=\"https:\/\/vc-dornheim.de\/wp-content\/uploads\/Beach\/Beachplatz_2021.png\" alt=\"Beachplatz 2021\" width=\"692\" height=\"444\" srcset=\"https:\/\/vc-dornheim.de\/wp-content\/uploads\/Beach\/Beachplatz_2021.png 903w, https:\/\/vc-dornheim.de\/wp-content\/uploads\/Beach\/Beachplatz_2021-300x192.png 300w, https:\/\/vc-dornheim.de\/wp-content\/uploads\/Beach\/Beachplatz_2021-768x492.png 768w\" sizes=\"(max-width: 692px) 100vw, 692px\" \/><\/p>\n<p><img decoding=\"async\" src=\"Beachplatz_2021\" alt=\"\" \/><\/p>\n","protected":false},"excerpt":{"rendered":"<p>Ende M\u00e4rz 2021 trafen sich Volleyballerinnen und Volleyballer des VC Dornheim, um die Beachanlage mit Auffangnetzte zu erg\u00e4nzen. Unter Einhaltung der Hygieneregeln wurden Pfosten geschliffen und ge\u00f6lt, L\u00f6cher ausgehoben, Fundamente [&hellip;]<\/p>\n","protected":false},"author":5,"featured_media":414,"parent":0,"menu_order":0,"comment_status":"closed","ping_status":"closed","template":"","meta":{"site-sidebar-layout":"default","site-content-layout":"","ast-site-content-layout":"default","site-content-style":"default","site-sidebar-style":"default","ast-global-header-display":"","ast-banner-title-visibility":"","ast-main-header-display":"","ast-hfb-above-header-display":"","ast-hfb-below-header-display":"","ast-hfb-mobile-header-display":"","site-post-title":"","ast-breadcrumbs-content":"","ast-featured-img":"","footer-sml-layout":"","ast-disable-related-posts":"","theme-transparent-header-meta":"","adv-header-id-meta":"","stick-header-meta":"","header-above-stick-meta":"","header-main-stick-meta":"","header-below-stick-meta":"","astra-migrate-meta-layouts":"default","ast-page-background-enabled":"default","ast-page-background-meta":{"desktop":{"background-color":"var(--ast-global-color-4)","background-image":"","background-repeat":"repeat","background-position":"center center","background-size":"auto","background-attachment":"scroll","background-type":"","background-media":"","overlay-type":"","overlay-color":"","overlay-opacity":"","overlay-gradient":""},"tablet":{"background-color":"","background-image":"","background-repeat":"repeat","background-position":"center center","background-size":"auto","background-attachment":"scroll","background-type":"","background-media":"","overlay-type":"","overlay-color":"","overlay-opacity":"","overlay-gradient":""},"mobile":{"background-color":"","background-image":"","background-repeat":"repeat","background-position":"center center","background-size":"auto","background-attachment":"scroll","background-type":"","background-media":"","overlay-type":"","overlay-color":"","overlay-opacity":"","overlay-gradient":""}},"ast-content-background-meta":{"desktop":{"background-color":"var(--ast-global-color-5)","background-image":"","background-repeat":"repeat","background-position":"center center","background-size":"auto","background-attachment":"scroll","background-type":"","background-media":"","overlay-type":"","overlay-color":"","overlay-opacity":"","overlay-gradient":""},"tablet":{"background-color":"var(--ast-global-color-5)","background-image":"","background-repeat":"repeat","background-position":"center center","background-size":"auto","background-attachment":"scroll","background-type":"","background-media":"","overlay-type":"","overlay-color":"","overlay-opacity":"","overlay-gradient":""},"mobile":{"background-color":"var(--ast-global-color-5)","background-image":"","background-repeat":"repeat","background-position":"center center","background-size":"auto","background-attachment":"scroll","background-type":"","background-media":"","overlay-type":"","overlay-color":"","overlay-opacity":"","overlay-gradient":""}},"footnotes":""},"class_list":["post-415","page","type-page","status-publish","has-post-thumbnail","hentry"],"_links":{"self":[{"href":"https:\/\/vc-dornheim.de\/index.php?rest_route=\/wp\/v2\/pages\/415","targetHints":{"allow":["GET"]}}],"collection":[{"href":"https:\/\/vc-dornheim.de\/index.php?rest_route=\/wp\/v2\/pages"}],"about":[{"href":"https:\/\/vc-dornheim.de\/index.php?rest_route=\/wp\/v2\/types\/page"}],"author":[{"embeddable":true,"href":"https:\/\/vc-dornheim.de\/index.php?rest_route=\/wp\/v2\/users\/5"}],"replies":[{"embeddable":true,"href":"https:\/\/vc-dornheim.de\/index.php?rest_route=%2Fwp%2Fv2%2Fcomments&post=415"}],"version-history":[{"count":2,"href":"https:\/\/vc-dornheim.de\/index.php?rest_route=\/wp\/v2\/pages\/415\/revisions"}],"predecessor-version":[{"id":1166,"href":"https:\/\/vc-dornheim.de\/index.php?rest_route=\/wp\/v2\/pages\/415\/revisions\/1166"}],"wp:featuredmedia":[{"embeddable":true,"href":"https:\/\/vc-dornheim.de\/index.php?rest_route=\/wp\/v2\/media\/414"}],"wp:attachment":[{"href":"https:\/\/vc-dornheim.de\/index.php?rest_route=%2Fwp%2Fv2%2Fmedia&parent=415"}],"curies":[{"name":"wp","href":"https:\/\/api.w.org\/{rel}","templated":true}]}}