{"id":161,"date":"2013-02-08T17:24:22","date_gmt":"2013-02-08T16:24:22","guid":{"rendered":"https:\/\/wordpress.vc-dornheim.de\/beachplatzregeln\/"},"modified":"2013-02-08T17:24:22","modified_gmt":"2013-02-08T16:24:22","slug":"beachplatzregeln","status":"publish","type":"page","link":"https:\/\/vc-dornheim.de\/?page_id=161","title":{"rendered":"Beachplatzregeln"},"content":{"rendered":"<p><span style=\"text-decoration: underline;\"><span style=\"font-family: arial,helvetica,sans-serif; font-size: 10pt;\">Beachplatz-Regeln<\/span><\/span><\/p>\n<p>&nbsp;<\/p>\n<p><span style=\"font-family: Arial, sans-serif; font-size: 10pt;\">a. Wer sicher sein will, dass der Beachplatz zum gew\u00fcnschtem Termin verf\u00fcgbar ist, sollte den Platz im Vorfeld reservieren. Die Reservierung geht nur per Mail \u00fcber den Beachbeauftragten des VC-Dornheim. Bitte dazu die Beachplatzreservierung verwenden.<\/span><\/p>\n<p><span style=\"font-family: Arial, sans-serif; font-size: 10pt;\">b. Der Beachbeauftragte best\u00e4tigt die Reservierung per Mail.<\/span><\/p>\n<p><span style=\"font-family: Arial, sans-serif; font-size: 10pt;\">c. Die Best\u00e4tigung muss bei Nutzung des Platzes vorzeigbar sein.<\/span><\/p>\n<p><span style=\"font-family: Arial, sans-serif; font-size: 10pt;\">d. Kombinierte Feste (z.B. mit Grillen) m\u00fcssen bei der Stadt Gro\u00df-Gerau im Vorfeld beantragt werden.<\/span><\/p>\n<p>&nbsp;&nbsp;&nbsp; <span style=\"font-family: Arial, sans-serif; font-size: 10pt;\">Stadtverwaltung Gro\u00df-Gerau Liegenschaftsamt Am Marktplatz 1 64521 Gro\u00df-Gerau<\/span><\/p>\n<div><span style=\"font-family: Arial, sans-serif; font-size: 10pt;\">e. Vorrangiges Nutzungsrecht hat immer der VC-Dornheim.<\/span><\/div>\n<p><span style=\"font-family: Arial, sans-serif; font-size: 10pt;\">f.&nbsp; Besch\u00e4digungen m\u00fcssen unverz\u00fcglich dem Beachbeauftragten gemeldet werden.<\/span><\/p>\n<p><span style=\"font-family: Arial, sans-serif; font-size: 10pt;\">g. Der Beachplatz muss sauber und ordentlich verlassen werden.<\/span><\/p>\n<p>&nbsp;<\/p>\n<p>&nbsp;<\/p>\n","protected":false},"excerpt":{"rendered":"<p>Beachplatz-Regeln &nbsp; a. Wer sicher sein will, dass der Beachplatz zum gew\u00fcnschtem Termin verf\u00fcgbar ist, sollte den Platz im Vorfeld reservieren. Die Reservierung geht nur per Mail \u00fcber den Beachbeauftragten [&hellip;]<\/p>\n","protected":false},"author":5,"featured_media":0,"parent":0,"menu_order":2,"comment_status":"closed","ping_status":"closed","template":"","meta":{"site-sidebar-layout":"default","site-content-layout":"","ast-site-content-layout":"default","site-content-style":"default","site-sidebar-style":"default","ast-global-header-display":"","ast-banner-title-visibility":"","ast-main-header-display":"","ast-hfb-above-header-display":"","ast-hfb-below-header-display":"","ast-hfb-mobile-header-display":"","site-post-title":"","ast-breadcrumbs-content":"","ast-featured-img":"","footer-sml-layout":"","ast-disable-related-posts":"","theme-transparent-header-meta":"","adv-header-id-meta":"","stick-header-meta":"","header-above-stick-meta":"","header-main-stick-meta":"","header-below-stick-meta":"","astra-migrate-meta-layouts":"default","ast-page-background-enabled":"default","ast-page-background-meta":{"desktop":{"background-color":"var(--ast-global-color-4)","background-image":"","background-repeat":"repeat","background-position":"center center","background-size":"auto","background-attachment":"scroll","background-type":"","background-media":"","overlay-type":"","overlay-color":"","overlay-opacity":"","overlay-gradient":""},"tablet":{"background-color":"","background-image":"","background-repeat":"repeat","background-position":"center center","background-size":"auto","background-attachment":"scroll","background-type":"","background-media":"","overlay-type":"","overlay-color":"","overlay-opacity":"","overlay-gradient":""},"mobile":{"background-color":"","background-image":"","background-repeat":"repeat","background-position":"center center","background-size":"auto","background-attachment":"scroll","background-type":"","background-media":"","overlay-type":"","overlay-color":"","overlay-opacity":"","overlay-gradient":""}},"ast-content-background-meta":{"desktop":{"background-color":"var(--ast-global-color-5)","background-image":"","background-repeat":"repeat","background-position":"center center","background-size":"auto","background-attachment":"scroll","background-type":"","background-media":"","overlay-type":"","overlay-color":"","overlay-opacity":"","overlay-gradient":""},"tablet":{"background-color":"var(--ast-global-color-5)","background-image":"","background-repeat":"repeat","background-position":"center center","background-size":"auto","background-attachment":"scroll","background-type":"","background-media":"","overlay-type":"","overlay-color":"","overlay-opacity":"","overlay-gradient":""},"mobile":{"background-color":"var(--ast-global-color-5)","background-image":"","background-repeat":"repeat","background-position":"center center","background-size":"auto","background-attachment":"scroll","background-type":"","background-media":"","overlay-type":"","overlay-color":"","overlay-opacity":"","overlay-gradient":""}},"footnotes":""},"class_list":["post-161","page","type-page","status-publish","hentry"],"_links":{"self":[{"href":"https:\/\/vc-dornheim.de\/index.php?rest_route=\/wp\/v2\/pages\/161","targetHints":{"allow":["GET"]}}],"collection":[{"href":"https:\/\/vc-dornheim.de\/index.php?rest_route=\/wp\/v2\/pages"}],"about":[{"href":"https:\/\/vc-dornheim.de\/index.php?rest_route=\/wp\/v2\/types\/page"}],"author":[{"embeddable":true,"href":"https:\/\/vc-dornheim.de\/index.php?rest_route=\/wp\/v2\/users\/5"}],"replies":[{"embeddable":true,"href":"https:\/\/vc-dornheim.de\/index.php?rest_route=%2Fwp%2Fv2%2Fcomments&post=161"}],"version-history":[{"count":0,"href":"https:\/\/vc-dornheim.de\/index.php?rest_route=\/wp\/v2\/pages\/161\/revisions"}],"wp:attachment":[{"href":"https:\/\/vc-dornheim.de\/index.php?rest_route=%2Fwp%2Fv2%2Fmedia&parent=161"}],"curies":[{"name":"wp","href":"https:\/\/api.w.org\/{rel}","templated":true}]}}