{"id":159,"date":"2012-11-11T20:24:20","date_gmt":"2012-11-11T19:24:20","guid":{"rendered":"https:\/\/wordpress.vc-dornheim.de\/hobby-turnierteilnahme\/"},"modified":"2012-11-11T20:24:20","modified_gmt":"2012-11-11T19:24:20","slug":"hobby-turnierteilnahme","status":"publish","type":"page","link":"https:\/\/vc-dornheim.de\/?page_id=159","title":{"rendered":"Hobby &#8211; Turnierteilnahme"},"content":{"rendered":"<h2 style=\"line-height: normal;\">Merck-Turnier am 08.11.2014<\/h2>\n<p>{gallery}Galerie\/Hobby\/Merck_2014{\/gallery}<\/p>\n<p style=\"line-height: normal;\">&nbsp;<\/p>\n<h2 style=\"line-height: normal;\">Merck-Turnier am 10.11.2013<\/h2>\n<p>Beim traditionellen Merck-Turnier in Darmstadt lieferten sich die Hobbyvolleyballer am Wochenende packende Spiele in einem sehr gut besetzten Teilnehmerfeld.<\/p>\n<p>Aufopferungsvoll k\u00e4mpfte man gegen in der Regel doch spielst\u00e4rkere Mannschaften um Punkte und wurde gegen die Mannschaft aus Hattersheim auch mit einem Satzgewinn belohnt. Weiteren Erfolgen stand sich die Mannschaft manchmal selbst im Wege. So reichte gegen das Team aus Darmstadt selbst ein Vorsprung von 10 Punkten nicht zum eigentlich verdienten Satzgewinn. Ausschlaggebend in spielentscheidenden Phasen waren pl\u00f6tzliche unerkl\u00e4rliche Schw\u00e4chen im Stellungsspiel bei der Ballannahme wechselnd mit einer mangelnden Durchschlagkraft im Angriff.<\/p>\n<p>Auch wenn die Mannschaft nur einen bescheidenen sportlichen Erfolg verbuchen konnte, stand am Ende eines ereignisreichen Tages der Spa\u00df am Volleyballspiel f\u00fcr alle Beteiligten im Vordergrund. Zum Abschluss traf man sich zu einem gem\u00fctlichen Beisammensein im Volkshaus in B\u00fcttelborn.<\/p>\n<p><img fetchpriority=\"high\" decoding=\"async\" class=\" size-full wp-image-157\" src=\"https:\/\/vc-dornheim.de\/wp-content\/uploads\/Teams\/Hobbies\/Hobbies_Merck-Turnier_2013.jpg\" alt=\"Hobbies Merck-Turnier 2013\" width=\"730\" height=\"600\" srcset=\"https:\/\/vc-dornheim.de\/wp-content\/uploads\/Teams\/Hobbies\/Hobbies_Merck-Turnier_2013.jpg 730w, https:\/\/vc-dornheim.de\/wp-content\/uploads\/Teams\/Hobbies\/Hobbies_Merck-Turnier_2013-300x247.jpg 300w\" sizes=\"(max-width: 730px) 100vw, 730px\" \/><\/p>\n<h2 style=\"line-height: normal;\">Turnier am 28.04.2013<br \/>2. Copa de los Invalidos, FC \u00dcberau in Zeilhard-Reinheim<\/h2>\n<p style=\"line-height: normal;\"><span style=\"color: #000000; font-size: 8pt;\">(p.h.) Am vergangenen Sonntag, 28. April 13 ging es mit unserer Freizeit\/Hobby Mannschaft zum Mixed Turnier des Volleyballvereins FC \u00dcberau nach Zeilhard-Reinheim. Der Mannschaftsname Los Invalidos unseres Gastgebers sollte aber nicht Programm f\u00fcr die Spiele sein, sondern im Vordergrund stand Fairness und viel Spa\u00df beim Volleyballern.<span style=\"font-family: 'Times New Roman','serif';\"><\/span><\/span><\/p>\n<p style=\"line-height: normal;\"><span style=\"color: #000000; font-size: 8pt;\">Nach der Begr\u00fc\u00dfung der Teilnehmenden Mannschaften um 10:00 Uhr ging es los. Es hatten sich insgesamt 9 Mannschaften gemeldet und der Turniermodus sah vor, dass jeder gegen jeden a 2x 12min spielen musste. Ein umfangreiches Programm lag vor uns, wobei wenn wir spielfrei waren entsprechend das Schiedsgericht stellen mussten. Gespielt wurde auf drei Felder.<span style=\"font-family: 'Times New Roman','serif';\"><\/span><\/span><\/p>\n<p style=\"line-height: normal;\"><span style=\"color: #000000; font-size: 8pt;\">Eine gr\u00f6\u00dfere Mittagspause nutzten alle Mannschaften um verloren gegangene Energien mit dem vom Gastgeber angebotenen Verpflegung in fester wie fl\u00fcssiger Form wieder aufzufrischen. Frisch gest\u00e4rkt ging es nun am Nachmittag bis ca. 17:00 Uhr weiter. <span style=\"font-family: 'Times New Roman','serif';\"><\/span><\/span><\/p>\n<p style=\"line-height: normal;\"><span style=\"color: #000000; font-size: 8pt;\">Bis zum letzten Spiel, was wir aufgrund konditioneller Probleme leider verloren haben, waren wir in der Tabelle als dritter gef\u00fchrt worden. Nach dem Duschen ging es zur Siegerehrung, wo die Platzierungen vom letzten bis zum ersten Platz mit einer Urkunde und einem Sachgeschenk pr\u00e4miert wurden. Wir waren bei der Abrechnung auf einen ordentlichen 5. Platz angelangt, in einem sehr ausgeglichenen Teilnehmerfeld. Von den acht absolvierten Spielen (3 Stunden und 12min reine Spielzeit) haben wir 2 Spiele gewonnen, 3x Unentschieden gespielt und 3 Spiele verloren.<span style=\"font-family: 'Times New Roman','serif';\"><\/span><\/span><\/p>\n<p style=\"line-height: normal;\"><span style=\"color: #000000; font-size: 8pt;\">Fazit: Es war ein super Turniertag und dem Gastgeber sei ein gro\u00dfes Dankesch\u00f6n gesagt f\u00fcr die hervorragende Organisation.<br \/><\/span><span style=\"color: #000000; font-size: 8pt;\">Gespielt haben: Oxana, Nicole und Jana bei den Damen und bei den Herren Achim, Carsten, Arno, Roland und Peter.<br \/><\/span><span style=\"color: #000000; font-size: 8pt;\">Wir freuen uns bereits auf das n\u00e4chste Jahr, wenn es hei\u00dft der FC \u00dcberau richtet sein 3. COPA-DE-LOS-INVALIDOS Turnier aus.<\/span><span style=\"color: black; font-family: 'Times New Roman','serif'; font-size: 12pt;\"><\/span><\/p>\n<p style=\"line-height: normal;\"><span style=\"color: #000000; font-size: 8pt;\"><img decoding=\"async\" class=\" size-full wp-image-158\" style=\"width: 681px; height: 453px;\" src=\"https:\/\/vc-dornheim.de\/wp-content\/uploads\/Turnier_Ueberau_28.04.2013_-_Web.jpg\" alt=\"Turnier \u00dcberau 28.04.2013 - Web\" width=\"681\" height=\"442\" \/><\/span><\/p>\n<p style=\"line-height: normal;\">&nbsp;<\/p>\n<h2>Merck-Turnier 10.11.2012<\/h2>\n<p><span style=\"font-size: 8pt;\">(ae) Packende und spannende Spiele lieferten sich die Hobby-Volleyballer des&nbsp;VC Dornheim beim traditionell spielstarken Herbstturnier der Betriebssportgruppe Merck f\u00fcr Mixed-Mannschaften in Darmstadt. <\/span><span style=\"font-size: 8pt;\">Die \u201eHobbies\u201c, die mit 2 Mannschaften \u201eHibbelisch\u201c und \u201eB\u00f6s\u2018 danewe\u201c angetreten waren, belegten in einem ausgeglichenen Teilnehmerfeld den zweiten und f\u00fcnften Platz.<\/span><\/p>\n<p><span style=\"font-size: 8pt;\">Entgegen fr\u00fcherer Jahre war die Anzahl der Mannschaften deutlich geringer, um so mehr wurde auf gutem spielerischen Niveau leidenschaftlich um die Punkte gek\u00e4mpft. <\/span><span style=\"font-size: 8pt;\">In der Begegnung der beiden Dornheimer Teams hatte \u201eB\u00f6s\u2018 danewe\u201c das bessere Ende f\u00fcr sich und konnte letztlich dank einer ausgeglicheneren Mannschaftleistung im dritten entscheidenden Satz, die Punkte f\u00fcr sich einstreichen.<\/span><\/p>\n<p><span style=\"font-size: 8pt;\">Die folgenden, jeweils hei\u00df umk\u00e4mpften Partien, verlor \u201eB\u00f6s\u2018 danewe\u201c teils ungl\u00fccklich gegen \u201eSprit nie biers\u201c aus Darmstadt und die Mannschaft der Firma Wella jeweils im 3. Satz, ohne sich jedoch in ihrer Spielfreunde und Moral beeinflussen zu lassen. Im letzten Spiel bewies \u201eB\u00f6s&#8216; danewe\u201c um Trainer und Kapit\u00e4n Peter Huhnstock mentale St\u00e4rke, verbuchte gegen die stark aufspielende Mannschaft der Betriebssportgruppe Merck einen beeindruckenden Sieg und sicherte sich damit verdient den 2. Platz. <\/span><span style=\"font-size: 8pt;\">Schmerzlich vermisst wird im Kreis der Hobbyvolleyballer nach wie vor Angreifer Alfred Schott, der verletzungsbedingt noch pausieren muss, die Mannschaften aber von der Bank aus anfeuerte. <\/span><\/p>\n<p><span style=\"font-size: 8pt;\">Einen gelungenen Abschluss fand der unterhaltsame und sportlich erfolgreiche Tag mit einem gemeinsamen Abendessen beim \u201eItaliener\u201c in Dornheim.<\/span><\/p>\n<p><span style=\"font-size: 8pt;\">F\u00fcr \u201eHibbelisch\u201c waren am Netz: Reichold, Poth, J., Zink, Bardos, Purwin, Schewer, Newrzella;<br \/><\/span><span style=\"font-size: 8pt;\">F\u00fcr \u201eB\u00f6s danewe\u201c spielten: Huhnstock, Poth, S., Astheimer, Fahl, J\u00e4schke, John, Eckel;<\/span><\/p>\n","protected":false},"excerpt":{"rendered":"<p>Merck-Turnier am 08.11.2014 {gallery}Galerie\/Hobby\/Merck_2014{\/gallery} &nbsp; Merck-Turnier am 10.11.2013 Beim traditionellen Merck-Turnier in Darmstadt lieferten sich die Hobbyvolleyballer am Wochenende packende Spiele in einem sehr gut besetzten Teilnehmerfeld. Aufopferungsvoll k\u00e4mpfte man [&hellip;]<\/p>\n","protected":false},"author":5,"featured_media":157,"parent":0,"menu_order":8,"comment_status":"closed","ping_status":"closed","template":"","meta":{"site-sidebar-layout":"default","site-content-layout":"","ast-site-content-layout":"default","site-content-style":"default","site-sidebar-style":"default","ast-global-header-display":"","ast-banner-title-visibility":"","ast-main-header-display":"","ast-hfb-above-header-display":"","ast-hfb-below-header-display":"","ast-hfb-mobile-header-display":"","site-post-title":"","ast-breadcrumbs-content":"","ast-featured-img":"","footer-sml-layout":"","ast-disable-related-posts":"","theme-transparent-header-meta":"","adv-header-id-meta":"","stick-header-meta":"","header-above-stick-meta":"","header-main-stick-meta":"","header-below-stick-meta":"","astra-migrate-meta-layouts":"default","ast-page-background-enabled":"default","ast-page-background-meta":{"desktop":{"background-color":"var(--ast-global-color-4)","background-image":"","background-repeat":"repeat","background-position":"center center","background-size":"auto","background-attachment":"scroll","background-type":"","background-media":"","overlay-type":"","overlay-color":"","overlay-opacity":"","overlay-gradient":""},"tablet":{"background-color":"","background-image":"","background-repeat":"repeat","background-position":"center center","background-size":"auto","background-attachment":"scroll","background-type":"","background-media":"","overlay-type":"","overlay-color":"","overlay-opacity":"","overlay-gradient":""},"mobile":{"background-color":"","background-image":"","background-repeat":"repeat","background-position":"center center","background-size":"auto","background-attachment":"scroll","background-type":"","background-media":"","overlay-type":"","overlay-color":"","overlay-opacity":"","overlay-gradient":""}},"ast-content-background-meta":{"desktop":{"background-color":"var(--ast-global-color-5)","background-image":"","background-repeat":"repeat","background-position":"center center","background-size":"auto","background-attachment":"scroll","background-type":"","background-media":"","overlay-type":"","overlay-color":"","overlay-opacity":"","overlay-gradient":""},"tablet":{"background-color":"var(--ast-global-color-5)","background-image":"","background-repeat":"repeat","background-position":"center center","background-size":"auto","background-attachment":"scroll","background-type":"","background-media":"","overlay-type":"","overlay-color":"","overlay-opacity":"","overlay-gradient":""},"mobile":{"background-color":"var(--ast-global-color-5)","background-image":"","background-repeat":"repeat","background-position":"center center","background-size":"auto","background-attachment":"scroll","background-type":"","background-media":"","overlay-type":"","overlay-color":"","overlay-opacity":"","overlay-gradient":""}},"footnotes":""},"class_list":["post-159","page","type-page","status-publish","has-post-thumbnail","hentry"],"_links":{"self":[{"href":"https:\/\/vc-dornheim.de\/index.php?rest_route=\/wp\/v2\/pages\/159","targetHints":{"allow":["GET"]}}],"collection":[{"href":"https:\/\/vc-dornheim.de\/index.php?rest_route=\/wp\/v2\/pages"}],"about":[{"href":"https:\/\/vc-dornheim.de\/index.php?rest_route=\/wp\/v2\/types\/page"}],"author":[{"embeddable":true,"href":"https:\/\/vc-dornheim.de\/index.php?rest_route=\/wp\/v2\/users\/5"}],"replies":[{"embeddable":true,"href":"https:\/\/vc-dornheim.de\/index.php?rest_route=%2Fwp%2Fv2%2Fcomments&post=159"}],"version-history":[{"count":0,"href":"https:\/\/vc-dornheim.de\/index.php?rest_route=\/wp\/v2\/pages\/159\/revisions"}],"wp:featuredmedia":[{"embeddable":true,"href":"https:\/\/vc-dornheim.de\/index.php?rest_route=\/wp\/v2\/media\/157"}],"wp:attachment":[{"href":"https:\/\/vc-dornheim.de\/index.php?rest_route=%2Fwp%2Fv2%2Fmedia&parent=159"}],"curies":[{"name":"wp","href":"https:\/\/api.w.org\/{rel}","templated":true}]}}