{"id":140,"date":"2012-07-06T18:13:38","date_gmt":"2012-07-06T16:13:38","guid":{"rendered":"https:\/\/wordpress.vc-dornheim.de\/hobby-2\/"},"modified":"2021-10-27T19:48:29","modified_gmt":"2021-10-27T17:48:29","slug":"hobby-2-2","status":"publish","type":"page","link":"https:\/\/vc-dornheim.de\/?page_id=140","title":{"rendered":"Hobby"},"content":{"rendered":"<h1>Hobbymannschaft des VC Dornheim<\/h1>\n<p>Jeden Mittwoch ab 20:00h trifft sich die Hobbytruppe f\u00fcr 2 Stunden zum Trainieren in der Dornheimer Sporthalle -Am Sportfeld 7, 64521 Gro\u00df-Gerau-Dornheim-.<br \/>\nRegelm\u00e4\u00dfig gesellen sich SpielerInnen des \u00dc53 Teams und der Frauen- und Herren-Mannschaft zu uns.<\/p>\n<p>Jeder ist hier herzlich willkommen. Neben dem Sport wird bei uns gro\u00dfer Wert auf Geselligkeit und Spa\u00df gelegt.<br \/>\nAuch an 4-5 Volleyballturnieren nehmen die Volleyballer jedes Jahr teil, um sich mit anderen Mannschaften zu messen.<\/p>\n<p>Jedes Jahr veranstaltet der VC Dornheim sein beliebtes Trio-Mixed-Turnier. Dies ist Volleyball f\u00fcr die engagierte Hobbyklasse mit einer Turnierraffinesse, die es von \u00fcblichen Mannschaftsturnieren unterscheidet, da die Spielmannschaften st\u00e4ndig neu zusammengesetzt werden. Gespielt wird in normalen Sechser-Mannschaften, gepunktet wird jedoch jeweils f\u00fcr die beiden Dreiermannschaften, die zusammen die jeweilige Sechser-Mannschaft stellen.<\/p>\n<p>Da \u00fcber das gesamte Turnier die Dreier-Mannschaften jeweils neu zusammengestellt werden, ergeben sich laufend neue Spielkonstellationen. Da die erspielten Punkte mitgenommen werden, stellt sich am Ende heraus, wer die beste Dreier-Mannschaft gestellt hat, die mit allen Anderen am besten harmonierte. Dass hier besonders der gemeinsame Spa\u00df die Hauptrolle spielt, zeigen schon die Turniernamen der Mannschaften.<\/p>\n<p><img fetchpriority=\"high\" decoding=\"async\" class=\" size-full wp-image-139\" src=\"https:\/\/vc-dornheim.de\/wp-content\/uploads\/Teams\/Hobbies\/VC-Dornheim-2019-Hobby.jpg\" alt=\"VC Dornheim 2019 Hobby\" width=\"700\" height=\"467\" srcset=\"https:\/\/vc-dornheim.de\/wp-content\/uploads\/Teams\/Hobbies\/VC-Dornheim-2019-Hobby.jpg 1620w, https:\/\/vc-dornheim.de\/wp-content\/uploads\/Teams\/Hobbies\/VC-Dornheim-2019-Hobby-300x200.jpg 300w, https:\/\/vc-dornheim.de\/wp-content\/uploads\/Teams\/Hobbies\/VC-Dornheim-2019-Hobby-1024x683.jpg 1024w, https:\/\/vc-dornheim.de\/wp-content\/uploads\/Teams\/Hobbies\/VC-Dornheim-2019-Hobby-768x512.jpg 768w, https:\/\/vc-dornheim.de\/wp-content\/uploads\/Teams\/Hobbies\/VC-Dornheim-2019-Hobby-1536x1024.jpg 1536w, https:\/\/vc-dornheim.de\/wp-content\/uploads\/Teams\/Hobbies\/VC-Dornheim-2019-Hobby-1568x1045.jpg 1568w\" sizes=\"(max-width: 700px) 100vw, 700px\" \/><\/p>\n","protected":false},"excerpt":{"rendered":"<p>Hobbymannschaft des VC Dornheim Jeden Mittwoch ab 20:00h trifft sich die Hobbytruppe f\u00fcr 2 Stunden zum Trainieren in der Dornheimer Sporthalle -Am Sportfeld 7, 64521 Gro\u00df-Gerau-Dornheim-. Regelm\u00e4\u00dfig gesellen sich SpielerInnen [&hellip;]<\/p>\n","protected":false},"author":5,"featured_media":0,"parent":0,"menu_order":12,"comment_status":"closed","ping_status":"closed","template":"","meta":{"site-sidebar-layout":"default","site-content-layout":"","ast-site-content-layout":"default","site-content-style":"default","site-sidebar-style":"default","ast-global-header-display":"","ast-banner-title-visibility":"","ast-main-header-display":"","ast-hfb-above-header-display":"","ast-hfb-below-header-display":"","ast-hfb-mobile-header-display":"","site-post-title":"","ast-breadcrumbs-content":"","ast-featured-img":"","footer-sml-layout":"","ast-disable-related-posts":"","theme-transparent-header-meta":"","adv-header-id-meta":"","stick-header-meta":"","header-above-stick-meta":"","header-main-stick-meta":"","header-below-stick-meta":"","astra-migrate-meta-layouts":"default","ast-page-background-enabled":"default","ast-page-background-meta":{"desktop":{"background-color":"var(--ast-global-color-4)","background-image":"","background-repeat":"repeat","background-position":"center center","background-size":"auto","background-attachment":"scroll","background-type":"","background-media":"","overlay-type":"","overlay-color":"","overlay-opacity":"","overlay-gradient":""},"tablet":{"background-color":"","background-image":"","background-repeat":"repeat","background-position":"center center","background-size":"auto","background-attachment":"scroll","background-type":"","background-media":"","overlay-type":"","overlay-color":"","overlay-opacity":"","overlay-gradient":""},"mobile":{"background-color":"","background-image":"","background-repeat":"repeat","background-position":"center center","background-size":"auto","background-attachment":"scroll","background-type":"","background-media":"","overlay-type":"","overlay-color":"","overlay-opacity":"","overlay-gradient":""}},"ast-content-background-meta":{"desktop":{"background-color":"var(--ast-global-color-5)","background-image":"","background-repeat":"repeat","background-position":"center center","background-size":"auto","background-attachment":"scroll","background-type":"","background-media":"","overlay-type":"","overlay-color":"","overlay-opacity":"","overlay-gradient":""},"tablet":{"background-color":"var(--ast-global-color-5)","background-image":"","background-repeat":"repeat","background-position":"center center","background-size":"auto","background-attachment":"scroll","background-type":"","background-media":"","overlay-type":"","overlay-color":"","overlay-opacity":"","overlay-gradient":""},"mobile":{"background-color":"var(--ast-global-color-5)","background-image":"","background-repeat":"repeat","background-position":"center center","background-size":"auto","background-attachment":"scroll","background-type":"","background-media":"","overlay-type":"","overlay-color":"","overlay-opacity":"","overlay-gradient":""}},"footnotes":""},"class_list":["post-140","page","type-page","status-publish","hentry"],"_links":{"self":[{"href":"https:\/\/vc-dornheim.de\/index.php?rest_route=\/wp\/v2\/pages\/140","targetHints":{"allow":["GET"]}}],"collection":[{"href":"https:\/\/vc-dornheim.de\/index.php?rest_route=\/wp\/v2\/pages"}],"about":[{"href":"https:\/\/vc-dornheim.de\/index.php?rest_route=\/wp\/v2\/types\/page"}],"author":[{"embeddable":true,"href":"https:\/\/vc-dornheim.de\/index.php?rest_route=\/wp\/v2\/users\/5"}],"replies":[{"embeddable":true,"href":"https:\/\/vc-dornheim.de\/index.php?rest_route=%2Fwp%2Fv2%2Fcomments&post=140"}],"version-history":[{"count":3,"href":"https:\/\/vc-dornheim.de\/index.php?rest_route=\/wp\/v2\/pages\/140\/revisions"}],"predecessor-version":[{"id":447,"href":"https:\/\/vc-dornheim.de\/index.php?rest_route=\/wp\/v2\/pages\/140\/revisions\/447"}],"wp:attachment":[{"href":"https:\/\/vc-dornheim.de\/index.php?rest_route=%2Fwp%2Fv2%2Fmedia&parent=140"}],"curies":[{"name":"wp","href":"https:\/\/api.w.org\/{rel}","templated":true}]}}